{"id":10,"date":"2017-03-09T13:56:05","date_gmt":"2017-03-09T13:56:05","guid":{"rendered":"http:\/\/themes.muffingroup.com\/be\/stone\/?page_id=10"},"modified":"2023-06-01T11:01:53","modified_gmt":"2023-06-01T11:01:53","slug":"products","status":"publish","type":"page","link":"http:\/\/kursunogluderi.com\/?page_id=10","title":{"rendered":"\u00dcR\u00dcNLER\u0130M\u0130Z"},"content":{"rendered":"","protected":false},"excerpt":{"rendered":"","protected":false},"author":1,"featured_media":0,"parent":0,"menu_order":0,"comment_status":"closed","ping_status":"closed","template":"","meta":[],"_links":{"self":[{"href":"http:\/\/kursunogluderi.com\/index.php?rest_route=\/wp\/v2\/pages\/10"}],"collection":[{"href":"http:\/\/kursunogluderi.com\/index.php?rest_route=\/wp\/v2\/pages"}],"about":[{"href":"http:\/\/kursunogluderi.com\/index.php?rest_route=\/wp\/v2\/types\/page"}],"author":[{"embeddable":true,"href":"http:\/\/kursunogluderi.com\/index.php?rest_route=\/wp\/v2\/users\/1"}],"replies":[{"embeddable":true,"href":"http:\/\/kursunogluderi.com\/index.php?rest_route=%2Fwp%2Fv2%2Fcomments&post=10"}],"version-history":[{"count":2,"href":"http:\/\/kursunogluderi.com\/index.php?rest_route=\/wp\/v2\/pages\/10\/revisions"}],"predecessor-version":[{"id":146,"href":"http:\/\/kursunogluderi.com\/index.php?rest_route=\/wp\/v2\/pages\/10\/revisions\/146"}],"wp:attachment":[{"href":"http:\/\/kursunogluderi.com\/index.php?rest_route=%2Fwp%2Fv2%2Fmedia&parent=10"}],"curies":[{"name":"wp","href":"https:\/\/api.w.org\/{rel}","templated":true}]}}