{"id":191,"date":"2022-02-11T12:49:14","date_gmt":"2022-02-11T12:49:14","guid":{"rendered":"http:\/\/kursunogluderi.com\/?page_id=191"},"modified":"2022-02-11T13:41:34","modified_gmt":"2022-02-11T13:41:34","slug":"silikli","status":"publish","type":"page","link":"http:\/\/kursunogluderi.com\/?page_id=191","title":{"rendered":"S\u0130L\u0130KL\u0130"},"content":{"rendered":"","protected":false},"excerpt":{"rendered":"","protected":false},"author":1,"featured_media":0,"parent":0,"menu_order":0,"comment_status":"closed","ping_status":"closed","template":"","meta":[],"_links":{"self":[{"href":"http:\/\/kursunogluderi.com\/index.php?rest_route=\/wp\/v2\/pages\/191"}],"collection":[{"href":"http:\/\/kursunogluderi.com\/index.php?rest_route=\/wp\/v2\/pages"}],"about":[{"href":"http:\/\/kursunogluderi.com\/index.php?rest_route=\/wp\/v2\/types\/page"}],"author":[{"embeddable":true,"href":"http:\/\/kursunogluderi.com\/index.php?rest_route=\/wp\/v2\/users\/1"}],"replies":[{"embeddable":true,"href":"http:\/\/kursunogluderi.com\/index.php?rest_route=%2Fwp%2Fv2%2Fcomments&post=191"}],"version-history":[{"count":1,"href":"http:\/\/kursunogluderi.com\/index.php?rest_route=\/wp\/v2\/pages\/191\/revisions"}],"predecessor-version":[{"id":199,"href":"http:\/\/kursunogluderi.com\/index.php?rest_route=\/wp\/v2\/pages\/191\/revisions\/199"}],"wp:attachment":[{"href":"http:\/\/kursunogluderi.com\/index.php?rest_route=%2Fwp%2Fv2%2Fmedia&parent=191"}],"curies":[{"name":"wp","href":"https:\/\/api.w.org\/{rel}","templated":true}]}}